{"id":1932,"date":"2021-09-29T08:42:13","date_gmt":"2021-09-29T08:42:13","guid":{"rendered":"https:\/\/staging-1679921380.adbvast.se\/neuvonantaminen\/"},"modified":"2023-04-24T09:38:37","modified_gmt":"2023-04-24T09:38:37","slug":"neuvonantaminen","status":"publish","type":"page","link":"https:\/\/adbvast.se\/fit\/neuvonantaminen\/","title":{"rendered":"Neuvonantaminen"},"content":{"rendered":"<p>[et_pb_section fb_built=&#8221;1&#8243; _builder_version=&#8221;4.16&#8243; _module_preset=&#8221;default&#8221; background_color=&#8221;#F4F0F7&#8243; custom_padding=&#8221;||1px||false|false&#8221; custom_padding_phone=&#8221;||||false|false&#8221; locked=&#8221;off&#8221; global_colors_info=&#8221;{}&#8221;][et_pb_row _builder_version=&#8221;4.16&#8243; _module_preset=&#8221;default&#8221; global_colors_info=&#8221;{}&#8221;][et_pb_column type=&#8221;4_4&#8243; _builder_version=&#8221;4.16&#8243; _module_preset=&#8221;default&#8221; custom_padding=&#8221;|||100px|false|false&#8221; custom_padding_tablet=&#8221;|||0px|false|false&#8221; custom_padding_phone=&#8221;&#8221; custom_padding_last_edited=&#8221;on|phone&#8221; global_colors_info=&#8221;{}&#8221;][et_pb_text _builder_version=&#8221;4.20.4&#8243; _module_preset=&#8221;default&#8221; background_image=&#8221;https:\/\/adbvast.se\/wp-content\/uploads\/\/2021\/10\/done_pink_24dp.svg&#8221; background_size=&#8221;initial&#8221; background_position=&#8221;top_left&#8221; custom_margin=&#8221;||0px||false|false&#8221; custom_padding=&#8221;|0.4%||12%|false|false&#8221; hover_enabled=&#8221;0&#8243; global_colors_info=&#8221;{}&#8221; title_text=&#8221;done_pink_24dp&#8221; sticky_enabled=&#8221;0&#8243;]<\/p>\n<h4>Jyriitinen neuvonantaminen<\/h4>\n<p>[\/et_pb_text][et_pb_text _builder_version=&#8221;4.20.4&#8243; _module_preset=&#8221;default&#8221; background_image=&#8221;https:\/\/adbvast.se\/wp-content\/uploads\/\/2021\/10\/done_pink_24dp.svg&#8221; background_size=&#8221;initial&#8221; background_position=&#8221;top_left&#8221; custom_margin=&#8221;||0px||false|false&#8221; custom_padding=&#8221;|7%||12%|false|false&#8221; hover_enabled=&#8221;0&#8243; global_colors_info=&#8221;{}&#8221; title_text=&#8221;done_pink_24dp&#8221; sticky_enabled=&#8221;0&#8243;]<\/p>\n<h4>Koulutus<\/h4>\n<p>[\/et_pb_text][et_pb_text _builder_version=&#8221;4.20.4&#8243; _module_preset=&#8221;default&#8221; background_image=&#8221;https:\/\/adbvast.se\/wp-content\/uploads\/\/2021\/10\/done_pink_24dp.svg&#8221; background_size=&#8221;initial&#8221; background_position=&#8221;top_left&#8221; custom_padding=&#8221;|7%||12%|false|false&#8221; hover_enabled=&#8221;0&#8243; global_colors_info=&#8221;{}&#8221; title_text=&#8221;done_pink_24dp&#8221; sticky_enabled=&#8221;0&#8243;]<\/p>\n<h4>Vaikuttaa yhtheiskuntaa<\/h4>\n<p>[\/et_pb_text][et_pb_text _builder_version=&#8221;4.16&#8243; _module_preset=&#8221;default&#8221; global_colors_info=&#8221;{}&#8221;]<\/p>\n<p>Antitiskrimineerinkitoimisto L\u00e4nsi antaa jyriitist\u00e4 neuvoa ja tukea sille jotako oon tiskrimineerattu. Met pi\u00e4m\u00e4 luentoja ja annama koulutusta tiskrimineerinkist\u00e4 ja kunka sit\u00e4 saattaa vastustaa.<\/p>\n<p>Sulla oon oikeus ell\u00e4\u00e4 ilman tiskrimineerinki\u00e4. Politiikoila ja muila vallassaolevilla oon velvolisuus valvoa ette tiskrimineerinki\u00e4 esteth\u00e4\u00e4n. Met tehem\u00e4 t\u00f6it\u00e4 ette vaikuttaa niit\u00e4 ottamhaan vastuunsa.<\/p>\n<p>Me\u00e4n ty\u00f6 rakentautuu ihmisoikeukshiin ja ruottalaisheen tiskrimineerinkilakhiin.<\/p>\n<p>[\/et_pb_text][\/et_pb_column][\/et_pb_row][\/et_pb_section][et_pb_section fb_built=&#8221;1&#8243; _builder_version=&#8221;4.16&#8243; _module_preset=&#8221;default&#8221; background_color=&#8221;#F4F0F7&#8243; global_colors_info=&#8221;{}&#8221;][et_pb_row _builder_version=&#8221;4.16&#8243; _module_preset=&#8221;default&#8221; global_colors_info=&#8221;{}&#8221;][et_pb_column type=&#8221;4_4&#8243; _builder_version=&#8221;4.16&#8243; _module_preset=&#8221;default&#8221; global_colors_info=&#8221;{}&#8221;][et_pb_text _builder_version=&#8221;4.16&#8243; _module_preset=&#8221;default&#8221; text_font=&#8221;|700|||||||&#8221; text_text_color=&#8221;#6B0080&#8243; custom_margin=&#8221;||10px||false|false&#8221; custom_margin_tablet=&#8221;||7px||false|false&#8221; custom_margin_phone=&#8221;||5px||false|false&#8221; custom_margin_last_edited=&#8221;on|phone&#8221; custom_padding=&#8221;||||false|false&#8221; text_font_size_tablet=&#8221;&#8221; text_font_size_phone=&#8221;&#8221; text_font_size_last_edited=&#8221;on|phone&#8221; global_colors_info=&#8221;{}&#8221;]<\/p>\n<p>Neuvonantaminen<\/p>\n<p>[\/et_pb_text][et_pb_text _builder_version=&#8221;4.16&#8243; _module_preset=&#8221;default&#8221; global_colors_info=&#8221;{}&#8221;]<\/p>\n<h1>Me\u00e4n jyristit antavat ilhmaisia neuvoja ja tukea<\/h1>\n<p>[\/et_pb_text][\/et_pb_column][\/et_pb_row][et_pb_row _builder_version=&#8221;4.16&#8243; _module_preset=&#8221;default&#8221; global_colors_info=&#8221;{}&#8221;][et_pb_column type=&#8221;4_4&#8243; _builder_version=&#8221;4.16&#8243; _module_preset=&#8221;default&#8221; global_colors_info=&#8221;{}&#8221;][et_pb_text _builder_version=&#8221;4.16&#8243; _module_preset=&#8221;default&#8221; text_text_color=&#8221;#6B0080&#8243; text_font_size=&#8221;25px&#8221; text_font_size_tablet=&#8221;25px&#8221; text_font_size_phone=&#8221;20px&#8221; text_font_size_last_edited=&#8221;on|phone&#8221; global_colors_info=&#8221;{}&#8221;]<\/p>\n<div>\n<p class=\"Frval\"><span>Tiskrimineerinki oon, lyhyk\u00e4isesti sanottu, ko joku joutuu ep\u00e4etulisheen asenthoon verrattuna toisheen vastaavassa tilantheessa.<\/span><span><o:p><\/o:p><\/span><\/p>\n<\/div>\n<p>[\/et_pb_text][et_pb_text _builder_version=&#8221;4.16&#8243; _module_preset=&#8221;default&#8221; global_colors_info=&#8221;{}&#8221;]<\/p>\n<p>Se oon ihmisoikeus ette saaja ell\u00e4\u00e4 vaphaana tiskrimineerinkist\u00e4. Ruottalaisessa lakis\u00e4\u00e4t\u00e4n\u00f6ss\u00e4 tiskrimineerinki oon rikos. Mutta kaikki ep\u00e4oikeukset ei ole tiskrimineerinkit lain mukhaan.<\/p>\n<p>Met saama useasti kysymyksi\u00e4 mit\u00e4 met saatama tehh\u00e4 ette auttaa ihmisi\u00e4. Jokku tavalisiimista kysymyksist\u00e4 oon:<\/p>\n<p>[\/et_pb_text][et_pb_text _builder_version=&#8221;4.16&#8243; _module_preset=&#8221;default&#8221; global_colors_info=&#8221;{}&#8221;][\/et_pb_text][et_pb_accordion _builder_version=&#8221;4.16&#8243; _module_preset=&#8221;default&#8221; global_colors_info=&#8221;{}&#8221;][et_pb_accordion_item title=&#8221;Kukkas saattavat saaja apua teilt\u00e4? &#8221; open=&#8221;on&#8221; _builder_version=&#8221;4.16&#8243; _module_preset=&#8221;default&#8221; global_colors_info=&#8221;{}&#8221;]<\/p>\n<p>Met annama ilhmaista jyriitist\u00e4 neuvonantamista tiskrimineerinkist\u00e4 muun muassa privattihenkil\u00f6ile, organisasuunile, ty\u00f6nantajille ja kouluile L\u00e4nsi J\u00f6\u00f6ttalantirekiuunissa, paitti kunnile Fyrbodaalissa. Jos oon kyse tiskrimineerinkist\u00e4 ty\u00f6el\u00e4m\u00e4ss\u00e4 ja sie t\u00f6nteki\u00e4nn\u00e4 olet j\u00e4sen jossaki ammattiliitossa sie pi\u00e4t k\u00e4\u00e4nty\u00e4 sinne ensin\u00e4.<\/p>\n<p>[\/et_pb_accordion_item][et_pb_accordion_item title=&#8221;Mill\u00e4s laila tet saatatta auttaa?&#8221; _builder_version=&#8221;4.16&#8243; _module_preset=&#8221;default&#8221; global_colors_info=&#8221;{}&#8221; open=&#8221;off&#8221;]<\/p>\n<p>Jos sie koet ette sinua oon ep\u00e4oikeuenmukhaisesti kohelttu sie saatat ottaa me\u00e4n kansa yhtheytt\u00e4. Se ei maksa mith\u00e4\u00e4n. Met saatama antaa neuvoja ja tutkia epp\u00e4ilttyj\u00e4 rikoksia tiskrimineerinkilakia vasten. Monet ep\u00e4oikeuenmukhaiset tilantheet ei ole lain mukhaan tiskrimineerinki\u00e4.<\/p>\n<p>Met emm\u00e4 saata antaa jyriitist\u00e4 apua muila oikeusaluheila. Jos met arvioima ette kysymys ei kuulu tiskrimineerinkilain alle met yrit\u00e4mm\u00e4 viitata eem\u00e4s.<\/p>\n<p>[\/et_pb_accordion_item][et_pb_accordion_item title=&#8221;Kunkas tet tehett\u00e4 t\u00f6it\u00e4 yhen asian kansa? &#8221; _builder_version=&#8221;4.16&#8243; _module_preset=&#8221;default&#8221; global_colors_info=&#8221;{}&#8221; open=&#8221;off&#8221;]<\/p>\n<p>Ko joku ilmottaa tiskrimineerinki\u00e4 meile met saatama tutkia ilmotusta asianna meil\u00e4. Tutkimus tarkottaa ette met kokoama informasuunia ja toistuksia niin ilmottajalta ko silt\u00e4 jotako ilmotethaan.<\/p>\n<p>Met emm\u00e4 ota jyriitist\u00e4 kantaa asiassa ennenko tutkimus oon lopetettu. Jos met arvioima sen rikokseksi tiskrimineerinkilakia vasten met astuma sis\u00e4le eustajanna ilmottajalle. Semmonen prosessi tarkottaa ette met yrit\u00e4mm\u00e4 l\u00f6yt\u00e4\u00e4 ratkasuja ongelmalle sen mukhaan ko ilmottaja halvaa ja mit\u00e4 met arvioima maholiseksi. Se saattaa esimerkiksi olla kyse antheeksipyyn\u00f6st\u00e4, koulutustoimista, rahalisesta korvauksesta elikk\u00e4 oikeuenk\u00e4yntiprosessista.<\/p>\n<p>[\/et_pb_accordion_item][et_pb_accordion_item title=&#8221;Mit\u00e4s mie pi\u00e4n tehh\u00e4 ilmottajanna?&#8221; _builder_version=&#8221;4.16&#8243; _module_preset=&#8221;default&#8221; global_colors_info=&#8221;{}&#8221; open=&#8221;off&#8221;]<\/p>\n<p>Se oon kauhean t\u00e4rke\u00e4t\u00e4 ette ilmottaa k\u00e4tev\u00e4sti. Tiskrimineerinkilakila oon aika lyhyk\u00e4iset preskripsuuniaijat \u2013 aika ko asian pitt\u00e4\u00e4 lopettaa \u2013 johonka met h\u00e4\u00e4ym\u00e4 suhtautua.<\/p>\n<p>Se vaatii l\u00e4heist\u00e4 yhtheisty\u00f6t\u00e4 ilmottajan kansa ko Antidiskrimineringsbyr\u00e5 V\u00e4st tutkii asiata. Me\u00e4n jyristill\u00e4 oon rajotetut maholisuuet ette koota sis\u00e4le toistuksia ja muuta tokymentasuunia. Ilmottaja pitt\u00e4\u00e4 itte j\u00e4tt\u00e4\u00e4 sen toistuksen jotako tarkistethaan ko asiata tutkithaan. Se saattaa olla kyse esimerkiksi preivist\u00e4, e-postista, SMS:ist\u00e4, p\u00e4\u00e4t\u00f6ksist\u00e4, valokuvista, \u00e4\u00e4ninauhotuksista, viiteofilmist\u00e4, henkil\u00f6ist\u00e4 jokka saattavat toistaa ja vastaavaa.<\/p>\n<p>[\/et_pb_accordion_item][et_pb_accordion_item title=&#8221;Kunkas pitkh\u00e4\u00e4n tutkimus kest\u00e4\u00e4?&#8221; _builder_version=&#8221;4.16&#8243; _module_preset=&#8221;default&#8221; global_colors_info=&#8221;{}&#8221; open=&#8221;off&#8221;]<\/p>\n<p>Tutkimus vaatii useasti aikaa ja vaati yhtheisty\u00f6t\u00e4 ilmottajan ja jyristin v\u00e4liss\u00e4 joka tutkii asiata. Se oon hankala antaa eksaktin vastauksen kunka pitkh\u00e4\u00e4n tutkimus kest\u00e4\u00e4, mutta se saattaa olla kyse usseista kuukausista ja jopa jostaki vuestaki riippuen mink\u00e4lainen asia oon.<\/p>\n<p>[\/et_pb_accordion_item][et_pb_accordion_item title=&#8221;Saatankos mie vain tulla ja soittaa ovikelloa? &#8221; _builder_version=&#8221;4.16&#8243; _module_preset=&#8221;default&#8221; global_colors_info=&#8221;{}&#8221; open=&#8221;off&#8221;]<\/p>\n<p>Ei, sie pi\u00e4t ottaa me\u00e4n kansa yhtheytt\u00e4 ja varata aijan ette kohata jyristi\u00e4.<\/p>\n<p>[\/et_pb_accordion_item][et_pb_accordion_item title=&#8221;Mit\u00e4s stryktyrelli tiskrimineerinki tarkottaa? &#8221; _builder_version=&#8221;4.16&#8243; _module_preset=&#8221;default&#8221; global_colors_info=&#8221;{}&#8221; open=&#8221;off&#8221;]<\/p>\n<p>Tavalinen m\u00e4\u00e4ritelm\u00e4 oon ette koko v\u00e4est\u00f6ryhm\u00e4\u00e4 tiskrimineerathaan ep\u00e4etulisitten elantoehoitten takia. Se saattaa muun muassa olla kyse huonomista maholisuuksista ette saaja ty\u00f6t\u00e4, huonompaa saatavuutta hoithoon ja halveksuvia atityyti\u00e4. Lait, s\u00e4\u00e4n\u00f6t ja normit oon esimerkki\u00e4 kunka stryktyrelli\u00e4 tiskrimineerinki\u00e4 saatethaan s\u00e4ilytt\u00e4\u00e4.<\/p>\n<p>[\/et_pb_accordion_item][et_pb_accordion_item title=&#8221;Mie en ole koskhaan kuulu te\u00e4n toiminasta. Miksis tet ett\u00e4 informeeraa en\u00e4mpi siitt\u00e4? &#8221; _builder_version=&#8221;4.16&#8243; _module_preset=&#8221;default&#8221; global_colors_info=&#8221;{}&#8221; open=&#8221;off&#8221;]<\/p>\n<p>Ite\u00e4llin\u00e4 organisasuunina meil\u00e4 oon rajotetut maholisuuet ette saaja yhtheytt\u00e4 kaikitten 34 kunnan kansa jokka oon me\u00e4n vaikutusaluheela. <\/p>\n<p>Kotisivun lis\u00e4ksi meil\u00e4 oon konttuja sosiaalila meetioila jossako met p\u00e4ivit\u00e4mm\u00e4 informasuunia tiskrimineerinkist\u00e4, ihmisoikeuksista ja mit\u00e4 meil\u00e4 tapahtuu.<\/p>\n<p>Jyriitisen neuvonantamisen lis\u00e4ksi osa me\u00e4n ty\u00f6st\u00e4 oon ette vaikuttaa vallassaolevia. Niil\u00e4 oon velvolisuus ottaa p\u00e4\u00e4t\u00f6ksi\u00e4 jokka oon oikeuenmukhaisia ja jokka ei tiskrimineeraa yhth\u00e4\u00e4n v\u00e4est\u00f6ryhm\u00e4\u00e4. Me\u00e4n vaikutusty\u00f6 oon niin kansalinen ko paikalinen.<\/p>\n<p>[\/et_pb_accordion_item][\/et_pb_accordion][\/et_pb_column][\/et_pb_row][\/et_pb_section][et_pb_section fb_built=&#8221;1&#8243; disabled_on=&#8221;on|on|on&#8221; _builder_version=&#8221;4.16&#8243; _module_preset=&#8221;default&#8221; background_color=&#8221;#E4E7F0&#8243; custom_padding_phone=&#8221;||60px||false|false&#8221; bottom_divider_style=&#8221;slant&#8221; bottom_divider_color=&#8221;#6B0080&#8243; bottom_divider_height=&#8221;50px&#8221; bottom_divider_flip=&#8221;horizontal&#8221; bottom_divider_height_tablet=&#8221;50px&#8221; bottom_divider_height_phone=&#8221;20px&#8221; bottom_divider_height_last_edited=&#8221;on|phone&#8221; disabled=&#8221;on&#8221; global_colors_info=&#8221;{}&#8221;][et_pb_row column_structure=&#8221;1_2,1_4,1_4&#8243; _builder_version=&#8221;4.16&#8243; _module_preset=&#8221;default&#8221; global_colors_info=&#8221;{}&#8221;][et_pb_column type=&#8221;1_2&#8243; _builder_version=&#8221;4.16&#8243; _module_preset=&#8221;default&#8221; global_colors_info=&#8221;{}&#8221;][et_pb_cta title=&#8221;Teckenspr\u00e5k&#8221; button_text=&#8221;Click Here&#8221; _builder_version=&#8221;4.16&#8243; _module_preset=&#8221;default&#8221; transform_translate_linked__hover=&#8221;off&#8221; link_option_url=&#8221;Liss\u00e4\u00e4 informasuunia tiskrimineerinkist\u00e4, mene webbisivule: www.do.se.&#8221; global_colors_info=&#8221;{}&#8221; transform_styles__hover_enabled=&#8221;on|desktop&#8221; transform_scale__hover_enabled=&#8221;on|desktop&#8221; transform_translate__hover_enabled=&#8221;on|desktop&#8221; transform_rotate__hover_enabled=&#8221;on|desktop&#8221; transform_skew__hover_enabled=&#8221;on|desktop&#8221; transform_origin__hover_enabled=&#8221;on|desktop&#8221; transform_translate__hover=&#8221;0px|-3px&#8221;]<\/p>\n<p>Sie saatat vain ilmottaa asioita meile ruottiksi ja englantiksi, mutta jos tarve vaatii met varraama keskustelun tulkin kansa.<\/p>\n<div>\n<p class=\"brdtextopensans\"><o:p><\/o:p><\/p>\n<\/div>\n<div>\n<p class=\"brdtextopensans\"><o:p>\u00a0<\/o:p><\/p>\n<\/div>\n<p>[\/et_pb_cta][\/et_pb_column][et_pb_column type=&#8221;1_4&#8243; _builder_version=&#8221;4.16&#8243; _module_preset=&#8221;default&#8221; global_colors_info=&#8221;{}&#8221;][et_pb_blurb title=&#8221;Anm\u00e4l diskriminering via v\u00e5rt webbformul\u00e4r&#8221; image=&#8221;https:\/\/staging-1679921380.adbvast.se\/wp-content\/uploads\/2021\/10\/report_problem_black_48dp.svg&#8221; alt=&#8221;report discrimination icon&#8221; _builder_version=&#8221;4.16&#8243; _module_preset=&#8221;570fb9d6-76c3-4e3b-90b9-7f13f29842b3&#8243; link_option_url=&#8221;https:\/\/staging-1679921380.adbvast.se\/anmal-diskriminering\/&#8221; global_colors_info=&#8221;{}&#8221;][\/et_pb_blurb][et_pb_blurb title=&#8221;Mejla radgivning@adbvast.se&#8221; image=&#8221;https:\/\/staging-1679921380.adbvast.se\/wp-content\/uploads\/2021\/10\/email_black_24dp.svg&#8221; alt=&#8221;email icon&#8221; _builder_version=&#8221;4.16&#8243; _module_preset=&#8221;570fb9d6-76c3-4e3b-90b9-7f13f29842b3&#8243; link_option_url=&#8221;mailto:radgivning@adbvast.se&#8221; global_colors_info=&#8221;{}&#8221;][\/et_pb_blurb][\/et_pb_column][et_pb_column type=&#8221;1_4&#8243; _builder_version=&#8221;4.16&#8243; _module_preset=&#8221;default&#8221; global_colors_info=&#8221;{}&#8221;][et_pb_blurb title=&#8221;Ring 073-856 44 00&#8243; image=&#8221;https:\/\/staging-1679921380.adbvast.se\/wp-content\/uploads\/2021\/10\/phone_iphone_black_24dp.svg&#8221; alt=&#8221;phone icon&#8221; _builder_version=&#8221;4.16&#8243; _module_preset=&#8221;570fb9d6-76c3-4e3b-90b9-7f13f29842b3&#8243; global_colors_info=&#8221;{}&#8221;][\/et_pb_blurb][\/et_pb_column][\/et_pb_row][\/et_pb_section]<\/p>\n","protected":false},"excerpt":{"rendered":"<p>Jyriitinen neuvonantaminenKoulutusVaikuttaa yhtheiskuntaaAntitiskrimineerinkitoimisto L\u00e4nsi antaa jyriitist\u00e4 neuvoa ja tukea sille jotako oon tiskrimineerattu. Met pi\u00e4m\u00e4 luentoja ja annama koulutusta tiskrimineerinkist\u00e4 ja kunka sit\u00e4 saattaa vastustaa. Sulla oon oikeus ell\u00e4\u00e4 ilman tiskrimineerinki\u00e4. Politiikoila ja muila vallassaolevilla oon velvolisuus valvoa ette tiskrimineerinki\u00e4 esteth\u00e4\u00e4n. Met tehem\u00e4 t\u00f6it\u00e4 ette vaikuttaa niit\u00e4 ottamhaan vastuunsa. Me\u00e4n ty\u00f6 rakentautuu ihmisoikeukshiin ja ruottalaisheen tiskrimineerinkilakhiin.NeuvonantaminenMe\u00e4n jyristit antavat ilhmaisia neuvoja ja tukea Tiskrimineerinki oon, lyhyk\u00e4isesti sanottu, ko joku joutuu ep\u00e4etulisheen asenthoon verrattuna toisheen vastaavassa tilantheessa. Se oon ihmisoikeus ette saaja ell\u00e4\u00e4 vaphaana tiskrimineerinkist\u00e4. Ruottalaisessa lakis\u00e4\u00e4t\u00e4n\u00f6ss\u00e4 tiskrimineerinki oon rikos. Mutta kaikki ep\u00e4oikeukset ei ole tiskrimineerinkit lain mukhaan. Met saama useasti kysymyksi\u00e4 mit\u00e4 met saatama tehh\u00e4 ette auttaa ihmisi\u00e4. Jokku tavalisiimista kysymyksist\u00e4 oon:Met annama ilhmaista jyriitist\u00e4 neuvonantamista tiskrimineerinkist\u00e4 muun muassa privattihenkil\u00f6ile, organisasuunile, ty\u00f6nantajille ja kouluile L\u00e4nsi J\u00f6\u00f6ttalantirekiuunissa, paitti kunnile Fyrbodaalissa. Jos oon kyse tiskrimineerinkist\u00e4 ty\u00f6el\u00e4m\u00e4ss\u00e4 ja sie t\u00f6nteki\u00e4nn\u00e4 olet j\u00e4sen jossaki ammattiliitossa sie pi\u00e4t k\u00e4\u00e4nty\u00e4 sinne ensin\u00e4.Jos sie koet ette sinua oon ep\u00e4oikeuenmukhaisesti kohelttu sie saatat ottaa me\u00e4n kansa yhtheytt\u00e4. Se ei maksa mith\u00e4\u00e4n. Met saatama antaa neuvoja ja tutkia epp\u00e4ilttyj\u00e4 rikoksia tiskrimineerinkilakia vasten. Monet ep\u00e4oikeuenmukhaiset tilantheet ei ole lain mukhaan tiskrimineerinki\u00e4. Met emm\u00e4 saata antaa jyriitist\u00e4 apua muila oikeusaluheila. Jos met arvioima ette kysymys ei kuulu tiskrimineerinkilain alle met yrit\u00e4mm\u00e4 viitata [&hellip;]<\/p>\n","protected":false},"author":9,"featured_media":0,"parent":0,"menu_order":0,"comment_status":"closed","ping_status":"closed","template":"","meta":{"_et_pb_use_builder":"on","_et_pb_old_content":"","_et_gb_content_width":"","footnotes":""},"class_list":["post-1932","page","type-page","status-publish","hentry"],"yoast_head":"<!-- This site is optimized with the Yoast SEO plugin v27.5 - https:\/\/yoast.com\/product\/yoast-seo-wordpress\/ -->\n<title>Neuvonantaminen - Antidiskrimineringsbyr\u00e5n V\u00e4st<\/title>\n<meta name=\"description\" content=\"Me\u00e4n jyristit antavat ilhmaisia neuvoja ja tukea\" \/>\n<meta name=\"robots\" content=\"index, follow, max-snippet:-1, max-image-preview:large, max-video-preview:-1\" \/>\n<link rel=\"canonical\" href=\"https:\/\/adbvast.se\/fit\/neuvonantaminen\/\" \/>\n<meta property=\"og:locale\" content=\"fi_FI\" \/>\n<meta property=\"og:type\" content=\"article\" \/>\n<meta property=\"og:title\" content=\"Neuvonantaminen - Antidiskrimineringsbyr\u00e5n V\u00e4st\" \/>\n<meta property=\"og:description\" content=\"Me\u00e4n jyristit antavat ilhmaisia neuvoja ja tukea\" \/>\n<meta property=\"og:url\" content=\"https:\/\/adbvast.se\/fit\/neuvonantaminen\/\" \/>\n<meta property=\"og:site_name\" content=\"Antidiskrimineringsbyr\u00e5n V\u00e4st\" \/>\n<meta property=\"article:publisher\" content=\"https:\/\/www.facebook.com\/wewantfairness\" \/>\n<meta property=\"article:modified_time\" content=\"2023-04-24T09:38:37+00:00\" \/>\n<meta property=\"og:image\" content=\"https:\/\/adbvast.se\/wp-content\/uploads\/2021\/10\/site-icon.png\" \/>\n<meta name=\"twitter:card\" content=\"summary_large_image\" \/>\n<meta name=\"twitter:image\" content=\"https:\/\/adbvast.se\/wp-content\/uploads\/2021\/10\/site-icon.png\" \/>\n<meta name=\"twitter:label1\" content=\"Est. reading time\" \/>\n\t<meta name=\"twitter:data1\" content=\"8 minutes\" \/>\n<script type=\"application\/ld+json\" class=\"yoast-schema-graph\">{\"@context\":\"https:\\\/\\\/schema.org\",\"@graph\":[{\"@type\":\"WebPage\",\"@id\":\"https:\\\/\\\/adbvast.se\\\/fit\\\/neuvonantaminen\\\/\",\"url\":\"https:\\\/\\\/adbvast.se\\\/fit\\\/neuvonantaminen\\\/\",\"name\":\"Neuvonantaminen - Antidiskrimineringsbyr\u00e5n V\u00e4st\",\"isPartOf\":{\"@id\":\"https:\\\/\\\/adbvast.se\\\/fit\\\/#website\"},\"datePublished\":\"2021-09-29T08:42:13+00:00\",\"dateModified\":\"2023-04-24T09:38:37+00:00\",\"description\":\"Me\u00e4n jyristit antavat ilhmaisia neuvoja ja tukea\",\"breadcrumb\":{\"@id\":\"https:\\\/\\\/adbvast.se\\\/fit\\\/neuvonantaminen\\\/#breadcrumb\"},\"inLanguage\":\"fit\",\"potentialAction\":[{\"@type\":\"ReadAction\",\"target\":[\"https:\\\/\\\/adbvast.se\\\/fit\\\/neuvonantaminen\\\/\"]}]},{\"@type\":\"BreadcrumbList\",\"@id\":\"https:\\\/\\\/adbvast.se\\\/fit\\\/neuvonantaminen\\\/#breadcrumb\",\"itemListElement\":[{\"@type\":\"ListItem\",\"position\":1,\"name\":\"Home\",\"item\":\"https:\\\/\\\/adbvast.se\\\/fit\\\/\"},{\"@type\":\"ListItem\",\"position\":2,\"name\":\"Neuvonantaminen\"}]},{\"@type\":\"WebSite\",\"@id\":\"https:\\\/\\\/adbvast.se\\\/fit\\\/#website\",\"url\":\"https:\\\/\\\/adbvast.se\\\/fit\\\/\",\"name\":\"Antidiskrimineringsbyr\u00e5n V\u00e4st\",\"description\":\"Vi tar fajten mot diskriminering\",\"publisher\":{\"@id\":\"https:\\\/\\\/adbvast.se\\\/fit\\\/#organization\"},\"potentialAction\":[{\"@type\":\"SearchAction\",\"target\":{\"@type\":\"EntryPoint\",\"urlTemplate\":\"https:\\\/\\\/adbvast.se\\\/fit\\\/?s={search_term_string}\"},\"query-input\":{\"@type\":\"PropertyValueSpecification\",\"valueRequired\":true,\"valueName\":\"search_term_string\"}}],\"inLanguage\":\"fit\"},{\"@type\":\"Organization\",\"@id\":\"https:\\\/\\\/adbvast.se\\\/fit\\\/#organization\",\"name\":\"Antidiskrimineringsbyr\u00e5n V\u00e4st\",\"url\":\"https:\\\/\\\/adbvast.se\\\/fit\\\/\",\"logo\":{\"@type\":\"ImageObject\",\"inLanguage\":\"fit\",\"@id\":\"https:\\\/\\\/adbvast.se\\\/fit\\\/#\\\/schema\\\/logo\\\/image\\\/\",\"url\":\"https:\\\/\\\/adbvast.se\\\/wp-content\\\/uploads\\\/2021\\\/10\\\/adb-vast-logotyp.svg\",\"contentUrl\":\"https:\\\/\\\/adbvast.se\\\/wp-content\\\/uploads\\\/2021\\\/10\\\/adb-vast-logotyp.svg\",\"width\":489,\"height\":109,\"caption\":\"Antidiskrimineringsbyr\u00e5n V\u00e4st\"},\"image\":{\"@id\":\"https:\\\/\\\/adbvast.se\\\/fit\\\/#\\\/schema\\\/logo\\\/image\\\/\"},\"sameAs\":[\"https:\\\/\\\/www.facebook.com\\\/wewantfairness\"]}]}<\/script>\n<!-- \/ Yoast SEO plugin. -->","yoast_head_json":{"title":"Neuvonantaminen - Antidiskrimineringsbyr\u00e5n V\u00e4st","description":"Me\u00e4n jyristit antavat ilhmaisia neuvoja ja tukea","robots":{"index":"index","follow":"follow","max-snippet":"max-snippet:-1","max-image-preview":"max-image-preview:large","max-video-preview":"max-video-preview:-1"},"canonical":"https:\/\/adbvast.se\/fit\/neuvonantaminen\/","og_locale":"fi_FI","og_type":"article","og_title":"Neuvonantaminen - Antidiskrimineringsbyr\u00e5n V\u00e4st","og_description":"Me\u00e4n jyristit antavat ilhmaisia neuvoja ja tukea","og_url":"https:\/\/adbvast.se\/fit\/neuvonantaminen\/","og_site_name":"Antidiskrimineringsbyr\u00e5n V\u00e4st","article_publisher":"https:\/\/www.facebook.com\/wewantfairness","article_modified_time":"2023-04-24T09:38:37+00:00","og_image":[{"url":"https:\/\/adbvast.se\/wp-content\/uploads\/2021\/10\/site-icon.png","type":"","width":"","height":""}],"twitter_card":"summary_large_image","twitter_image":"https:\/\/adbvast.se\/wp-content\/uploads\/2021\/10\/site-icon.png","twitter_misc":{"Est. reading time":"8 minutes"},"schema":{"@context":"https:\/\/schema.org","@graph":[{"@type":"WebPage","@id":"https:\/\/adbvast.se\/fit\/neuvonantaminen\/","url":"https:\/\/adbvast.se\/fit\/neuvonantaminen\/","name":"Neuvonantaminen - Antidiskrimineringsbyr\u00e5n V\u00e4st","isPartOf":{"@id":"https:\/\/adbvast.se\/fit\/#website"},"datePublished":"2021-09-29T08:42:13+00:00","dateModified":"2023-04-24T09:38:37+00:00","description":"Me\u00e4n jyristit antavat ilhmaisia neuvoja ja tukea","breadcrumb":{"@id":"https:\/\/adbvast.se\/fit\/neuvonantaminen\/#breadcrumb"},"inLanguage":"fit","potentialAction":[{"@type":"ReadAction","target":["https:\/\/adbvast.se\/fit\/neuvonantaminen\/"]}]},{"@type":"BreadcrumbList","@id":"https:\/\/adbvast.se\/fit\/neuvonantaminen\/#breadcrumb","itemListElement":[{"@type":"ListItem","position":1,"name":"Home","item":"https:\/\/adbvast.se\/fit\/"},{"@type":"ListItem","position":2,"name":"Neuvonantaminen"}]},{"@type":"WebSite","@id":"https:\/\/adbvast.se\/fit\/#website","url":"https:\/\/adbvast.se\/fit\/","name":"Antidiskrimineringsbyr\u00e5n V\u00e4st","description":"Vi tar fajten mot diskriminering","publisher":{"@id":"https:\/\/adbvast.se\/fit\/#organization"},"potentialAction":[{"@type":"SearchAction","target":{"@type":"EntryPoint","urlTemplate":"https:\/\/adbvast.se\/fit\/?s={search_term_string}"},"query-input":{"@type":"PropertyValueSpecification","valueRequired":true,"valueName":"search_term_string"}}],"inLanguage":"fit"},{"@type":"Organization","@id":"https:\/\/adbvast.se\/fit\/#organization","name":"Antidiskrimineringsbyr\u00e5n V\u00e4st","url":"https:\/\/adbvast.se\/fit\/","logo":{"@type":"ImageObject","inLanguage":"fit","@id":"https:\/\/adbvast.se\/fit\/#\/schema\/logo\/image\/","url":"https:\/\/adbvast.se\/wp-content\/uploads\/2021\/10\/adb-vast-logotyp.svg","contentUrl":"https:\/\/adbvast.se\/wp-content\/uploads\/2021\/10\/adb-vast-logotyp.svg","width":489,"height":109,"caption":"Antidiskrimineringsbyr\u00e5n V\u00e4st"},"image":{"@id":"https:\/\/adbvast.se\/fit\/#\/schema\/logo\/image\/"},"sameAs":["https:\/\/www.facebook.com\/wewantfairness"]}]}},"_links":{"self":[{"href":"https:\/\/adbvast.se\/fit\/wp-json\/wp\/v2\/pages\/1932","targetHints":{"allow":["GET"]}}],"collection":[{"href":"https:\/\/adbvast.se\/fit\/wp-json\/wp\/v2\/pages"}],"about":[{"href":"https:\/\/adbvast.se\/fit\/wp-json\/wp\/v2\/types\/page"}],"author":[{"embeddable":true,"href":"https:\/\/adbvast.se\/fit\/wp-json\/wp\/v2\/users\/9"}],"replies":[{"embeddable":true,"href":"https:\/\/adbvast.se\/fit\/wp-json\/wp\/v2\/comments?post=1932"}],"version-history":[{"count":17,"href":"https:\/\/adbvast.se\/fit\/wp-json\/wp\/v2\/pages\/1932\/revisions"}],"predecessor-version":[{"id":2383,"href":"https:\/\/adbvast.se\/fit\/wp-json\/wp\/v2\/pages\/1932\/revisions\/2383"}],"wp:attachment":[{"href":"https:\/\/adbvast.se\/fit\/wp-json\/wp\/v2\/media?parent=1932"}],"curies":[{"name":"wp","href":"https:\/\/api.w.org\/{rel}","templated":true}]}}