{"id":1148,"date":"2021-09-29T08:42:25","date_gmt":"2021-09-29T08:42:25","guid":{"rendered":"https:\/\/staging-1664454984.adbvast.se\/education\/"},"modified":"2022-10-07T09:35:36","modified_gmt":"2022-10-07T09:35:36","slug":"education","status":"publish","type":"page","link":"https:\/\/adbvast.se\/en\/education\/","title":{"rendered":"Education"},"content":{"rendered":"<p>[et_pb_section fb_built=&#8221;1&#8243; _builder_version=&#8221;4.10.8&#8243; _module_preset=&#8221;default&#8221; background_color=&#8221;#F4F0F7&#8243; global_colors_info=&#8221;{}&#8221;][et_pb_row _builder_version=&#8221;4.10.8&#8243; _module_preset=&#8221;default&#8221; locked=&#8221;off&#8221; global_colors_info=&#8221;{}&#8221;][et_pb_column type=&#8221;4_4&#8243; _builder_version=&#8221;4.10.8&#8243; _module_preset=&#8221;default&#8221; global_colors_info=&#8221;{}&#8221;][et_pb_text _builder_version=&#8221;4.10.8&#8243; _module_preset=&#8221;default&#8221; text_font=&#8221;|700|||||||&#8221; text_text_color=&#8221;#6B0080&#8243; custom_margin=&#8221;||10px||false|false&#8221; custom_margin_tablet=&#8221;||7px||false|false&#8221; custom_margin_phone=&#8221;||5px||false|false&#8221; custom_margin_last_edited=&#8221;on|phone&#8221; custom_padding=&#8221;||||false|false&#8221; text_font_size_tablet=&#8221;&#8221; text_font_size_phone=&#8221;&#8221; text_font_size_last_edited=&#8221;on|phone&#8221; global_colors_info=&#8221;{}&#8221;]<\/p>\n<p>Education<\/p>\n<p>[\/et_pb_text][et_pb_text _builder_version=&#8221;4.10.8&#8243; _module_preset=&#8221;default&#8221; global_colors_info=&#8221;{}&#8221;]<\/p>\n<h1>L\u00e4r dig mer om diskriminering<\/h1>\n<p>[\/et_pb_text][\/et_pb_column][\/et_pb_row][et_pb_row custom_padding_last_edited=&#8221;on|phone&#8221; _builder_version=&#8221;4.13.1&#8243; _module_preset=&#8221;default&#8221; custom_padding_tablet=&#8221;&#8221; custom_padding_phone=&#8221;70px||||false|false&#8221; global_colors_info=&#8221;{}&#8221;][et_pb_column type=&#8221;4_4&#8243; _builder_version=&#8221;4.10.8&#8243; _module_preset=&#8221;default&#8221; global_colors_info=&#8221;{}&#8221;][et_pb_text _builder_version=&#8221;4.13.1&#8243; _module_preset=&#8221;default&#8221; text_text_color=&#8221;#6B0080&#8243; text_font_size=&#8221;22px&#8221; custom_padding=&#8221;||0px|||&#8221; text_font_size_tablet=&#8221;22px&#8221; text_font_size_phone=&#8221;18px&#8221; text_font_size_last_edited=&#8221;on|phone&#8221; global_colors_info=&#8221;{}&#8221;]<\/p>\n<p>Hos oss finns stor kunskap och erfarenhet om diskriminering och hur den kan f\u00f6rebyggas med lagens hj\u00e4lp.<\/p>\n<p>[\/et_pb_text][\/et_pb_column][\/et_pb_row][et_pb_row make_equal=&#8221;on&#8221; custom_padding_last_edited=&#8221;on|phone&#8221; _builder_version=&#8221;4.10.8&#8243; _module_preset=&#8221;default&#8221; background_color=&#8221;#E4E7F0&#8243; width=&#8221;800px&#8221; width_tablet=&#8221;95%&#8221; width_phone=&#8221;&#8221; width_last_edited=&#8221;on|desktop&#8221; custom_margin=&#8221;||||false|false&#8221; custom_padding=&#8221;|50px||50px|false|false&#8221; custom_padding_tablet=&#8221;|10px||10px|false|true&#8221; custom_padding_phone=&#8221;&#8221; global_colors_info=&#8221;{}&#8221;][et_pb_column type=&#8221;4_4&#8243; _builder_version=&#8221;4.10.8&#8243; _module_preset=&#8221;default&#8221; custom_css_main_element=&#8221;width: 90%;&#8221; global_colors_info=&#8221;{}&#8221;][et_pb_text _builder_version=&#8221;4.13.1&#8243; _module_preset=&#8221;default&#8221; text_font=&#8221;|700|||||||&#8221; text_text_color=&#8221;#110066&#8243; custom_margin=&#8221;||10px||false|false&#8221; custom_margin_tablet=&#8221;||7px||false|false&#8221; custom_margin_phone=&#8221;||5px||false|false&#8221; custom_margin_last_edited=&#8221;on|phone&#8221; custom_padding=&#8221;||||false|false&#8221; text_font_size_tablet=&#8221;&#8221; text_font_size_phone=&#8221;&#8221; text_font_size_last_edited=&#8221;on|phone&#8221; locked=&#8221;off&#8221; global_colors_info=&#8221;{}&#8221;]<\/p>\n<p>Vi erbjuder bland annat:<\/p>\n<p>[\/et_pb_text][et_pb_blurb title=&#8221;F\u00f6rel\u00e4sningar \/ utbildningar&#8221; image=&#8221;https:\/\/john.templweb.com\/wp-content\/uploads\/2021\/09\/done_pink_24dp.svg&#8221; _builder_version=&#8221;4.14.5&#8243; _module_preset=&#8221;effb64c1-de60-4486-9049-6c3341ee8410&#8243; hover_enabled=&#8221;0&#8243; global_colors_info=&#8221;{}&#8221; sticky_enabled=&#8221;0&#8243;][\/et_pb_blurb][et_pb_blurb title=&#8221;Studiebes\u00f6k&#8221; image=&#8221;https:\/\/john.templweb.com\/wp-content\/uploads\/2021\/09\/done_pink_24dp.svg&#8221; _builder_version=&#8221;4.13.1&#8243; _module_preset=&#8221;effb64c1-de60-4486-9049-6c3341ee8410&#8243; global_colors_info=&#8221;{}&#8221;][\/et_pb_blurb][et_pb_blurb title=&#8221;Granskningar&#8221; image=&#8221;https:\/\/john.templweb.com\/wp-content\/uploads\/2021\/09\/done_pink_24dp.svg&#8221; _builder_version=&#8221;4.13.1&#8243; _module_preset=&#8221;effb64c1-de60-4486-9049-6c3341ee8410&#8243; global_colors_info=&#8221;{}&#8221;][\/et_pb_blurb][\/et_pb_column][\/et_pb_row][\/et_pb_section][et_pb_section fb_built=&#8221;1&#8243; _builder_version=&#8221;4.13.1&#8243; _module_preset=&#8221;default&#8221; background_color=&#8221;#E4E7F0&#8243; bottom_divider_style=&#8221;none&#8221; bottom_divider_color=&#8221;#6B0080&#8243; bottom_divider_height=&#8221;50px&#8221; bottom_divider_flip=&#8221;horizontal&#8221; bottom_divider_height_tablet=&#8221;&#8221; bottom_divider_height_phone=&#8221;20px&#8221; bottom_divider_height_last_edited=&#8221;on|phone&#8221; global_colors_info=&#8221;{}&#8221;][et_pb_row _builder_version=&#8221;4.10.8&#8243; _module_preset=&#8221;default&#8221; global_colors_info=&#8221;{}&#8221;][et_pb_column type=&#8221;4_4&#8243; _builder_version=&#8221;4.10.8&#8243; _module_preset=&#8221;default&#8221; global_colors_info=&#8221;{}&#8221;][et_pb_text _builder_version=&#8221;4.13.1&#8243; _module_preset=&#8221;default&#8221; global_colors_info=&#8221;{}&#8221;]<\/p>\n<h3>H\u00e4r \u00e4r n\u00e5gra exempel p\u00e5 vad vi kan erbjuda. Allt anpassas efter uppdragsgivarens behov.<\/h3>\n<p>[\/et_pb_text][\/et_pb_column][\/et_pb_row][et_pb_row column_structure=&#8221;1_2,1_2&#8243; _builder_version=&#8221;4.10.8&#8243; _module_preset=&#8221;default&#8221; global_colors_info=&#8221;{}&#8221;][et_pb_column type=&#8221;1_2&#8243; module_class=&#8221;shadow-shorter-no-hover&#8221; _builder_version=&#8221;4.10.8&#8243; _module_preset=&#8221;default&#8221; background_color=&#8221;#FFFFFF&#8221; custom_css_main_element=&#8221;transform: skew(0deg, -4deg);&#8221; global_colors_info=&#8221;{}&#8221;][et_pb_text _builder_version=&#8221;4.13.1&#8243; _module_preset=&#8221;3a7e290e-5039-44d3-ba01-ad6ce03d6b25&#8243; background_enable_color=&#8221;off&#8221; custom_padding=&#8221;50px|60px|50px|60px|true|true&#8221; custom_padding_tablet=&#8221;|30px||30px|true|true&#8221; custom_padding_phone=&#8221;|20px||20px|true|true&#8221; custom_padding_last_edited=&#8221;on|desktop&#8221; custom_css_main_element=&#8221;transform: skew(0deg, 4deg);&#8221; global_colors_info=&#8221;{}&#8221;]<\/p>\n<h2>Diskriminering och lagen<\/h2>\n<div>\n<p class=\"brdtextopensans\"><span>Beh\u00f6ver din organisation mer kunskap om vad lagen s\u00e4ger om diskriminering? Vi utbildar om vilka r\u00e4ttigheter och skyldigheter den inneb\u00e4r.<\/span><span><o:p><\/o:p><\/span><\/p>\n<p class=\"brdtextopensans\">Viktigt att k\u00e4nna till \u00e4r aktiva \u00e5tg\u00e4rder. De ska f\u00f6rhindra diskriminering i arbetslivet och p\u00e5 alla utbildningar.<\/p>\n<\/div>\n<p>[\/et_pb_text][\/et_pb_column][et_pb_column type=&#8221;1_2&#8243; module_class=&#8221;shadow-shorter-no-hover&#8221; _builder_version=&#8221;4.10.8&#8243; _module_preset=&#8221;default&#8221; background_color=&#8221;#FFFFFF&#8221; custom_css_main_element=&#8221;transform: skew(0deg, -4deg);&#8221; global_colors_info=&#8221;{}&#8221;][et_pb_text _builder_version=&#8221;4.13.1&#8243; _module_preset=&#8221;3a7e290e-5039-44d3-ba01-ad6ce03d6b25&#8243; background_enable_color=&#8221;off&#8221; custom_padding=&#8221;50px|60px|50px|60px|true|true&#8221; custom_padding_tablet=&#8221;|30px||30px|true|true&#8221; custom_padding_phone=&#8221;|20px||20px|true|true&#8221; custom_padding_last_edited=&#8221;on|desktop&#8221; custom_css_main_element=&#8221;transform: skew(0deg, 4deg);&#8221; global_colors_info=&#8221;{}&#8221;]<\/p>\n<h2>Granskningar och projekt<\/h2>\n<p>Vi g\u00f6r granskningar. D\u00e5 utg\u00e5r vi fr\u00e5n m\u00e4nskliga r\u00e4ttigheter och icke-diskriminering. Vi analyserar hur olika sorters normer och makt p\u00e5verkar m\u00e4nniskor och hela samh\u00e4llet.<\/p>\n<p>Bland annat har vi gjort analyser av publikationer och webbsidor.<\/p>\n<p>Ibland g\u00f6r vi ocks\u00e5 projekt. Vi har till exempel gjort ett som handlar om barns r\u00e4ttigheter.<\/p>\n<p>[\/et_pb_text][\/et_pb_column][\/et_pb_row][et_pb_row column_structure=&#8221;1_2,1_2&#8243; _builder_version=&#8221;4.10.8&#8243; _module_preset=&#8221;default&#8221; global_colors_info=&#8221;{}&#8221;][et_pb_column type=&#8221;1_2&#8243; module_class=&#8221;shadow-shorter-no-hover&#8221; _builder_version=&#8221;4.10.8&#8243; _module_preset=&#8221;default&#8221; background_color=&#8221;#FFFFFF&#8221; custom_css_main_element=&#8221;transform: skew(0deg, -4deg);&#8221; global_colors_info=&#8221;{}&#8221;][et_pb_text _builder_version=&#8221;4.13.1&#8243; _module_preset=&#8221;3a7e290e-5039-44d3-ba01-ad6ce03d6b25&#8243; background_enable_color=&#8221;off&#8221; custom_padding=&#8221;50px|60px|50px|60px|true|true&#8221; custom_padding_tablet=&#8221;|30px||30px|true|true&#8221; custom_padding_phone=&#8221;|20px||20px|true|true&#8221; custom_padding_last_edited=&#8221;on|desktop&#8221; custom_css_main_element=&#8221;transform: skew(0deg, 4deg);&#8221; global_colors_info=&#8221;{}&#8221;]<\/p>\n<h2>Normernas makt<\/h2>\n<div>\n<div><span>Normer \u00e4r oftast osynliga. F\u00f6rst n\u00e4r n\u00e5gon bryter mot dem blir de tydliga. Att arbeta normkritiskt\u00a0<\/span><span>kan vara ett effektivt s\u00e4tt att f\u00f6rebygga diskriminering. Det kan hj\u00e4lpa till att skapa ett \u00f6ppet arbetsklimat. <\/span><\/div>\n<\/div>\n<p>[\/et_pb_text][\/et_pb_column][et_pb_column type=&#8221;1_2&#8243; module_class=&#8221;shadow-shorter-no-hover&#8221; _builder_version=&#8221;4.10.8&#8243; _module_preset=&#8221;default&#8221; background_color=&#8221;#FFFFFF&#8221; custom_css_main_element=&#8221;transform: skew(0deg, -4deg);&#8221; global_colors_info=&#8221;{}&#8221;][et_pb_text _builder_version=&#8221;4.13.1&#8243; _module_preset=&#8221;3a7e290e-5039-44d3-ba01-ad6ce03d6b25&#8243; background_enable_color=&#8221;off&#8221; custom_padding=&#8221;50px|60px|50px|60px|true|true&#8221; custom_padding_tablet=&#8221;|30px||30px|true|true&#8221; custom_padding_phone=&#8221;|20px||20px|true|true&#8221; custom_padding_last_edited=&#8221;on|desktop&#8221; custom_css_main_element=&#8221;transform: skew(0deg, 4deg);&#8221; global_colors_info=&#8221;{}&#8221;]<\/p>\n<h2>Bes\u00f6k oss<\/h2>\n<p>Vi tar g\u00e4rna emot studiebes\u00f6k. D\u00e5 ber\u00e4ttar vi om oss och v\u00e5rt arbete mot diskriminering. B\u00e5de skolor och internationella delegationer har bes\u00f6kt oss. Ofta blir det en fin fr\u00e5gestund p\u00e5 bes\u00f6ken.<\/p>\n<p>[\/et_pb_text][\/et_pb_column][\/et_pb_row][\/et_pb_section][et_pb_section fb_built=&#8221;1&#8243; _builder_version=&#8221;4.13.1&#8243; _module_preset=&#8221;default&#8221; background_color=&#8221;#F4F0F7&#8243; top_divider_color=&#8221;#6B0080&#8243; bottom_divider_style=&#8221;slant&#8221; bottom_divider_color=&#8221;#6B0080&#8243; bottom_divider_height=&#8221;50px&#8221; bottom_divider_flip=&#8221;horizontal&#8221; bottom_divider_height_tablet=&#8221;50px&#8221; bottom_divider_height_phone=&#8221;20px&#8221; bottom_divider_height_last_edited=&#8221;on|phone&#8221; global_colors_info=&#8221;{}&#8221;][et_pb_row column_structure=&#8221;1_2,1_2&#8243; _builder_version=&#8221;4.13.1&#8243; _module_preset=&#8221;default&#8221; global_colors_info=&#8221;{}&#8221;][et_pb_column type=&#8221;1_2&#8243; _builder_version=&#8221;4.13.1&#8243; _module_preset=&#8221;default&#8221; global_colors_info=&#8221;{}&#8221;][et_pb_cta title=&#8221;Fr\u00e5ga mer om utbildning&#8221; _builder_version=&#8221;4.13.1&#8243; _module_preset=&#8221;default&#8221; link_option_url=&#8221;mailto:utbildning@adbvast.se&#8221; global_colors_info=&#8221;{}&#8221;]<\/p>\n<p>Mejla oss p\u00e5 utbildning@adbvast.se<\/p>\n<p>[\/et_pb_cta][\/et_pb_column][et_pb_column type=&#8221;1_2&#8243; _builder_version=&#8221;4.13.1&#8243; _module_preset=&#8221;default&#8221; global_colors_info=&#8221;{}&#8221;][et_pb_cta title=&#8221;Diskriminering p\u00e5g\u00e5r&#8221; button_text=&#8221;Click Here&#8221; _builder_version=&#8221;4.13.1&#8243; _module_preset=&#8221;default&#8221; background_color_gradient_start=&#8221;#110066&#8243; background_color_gradient_end=&#8221;#124aff&#8221; link_option_url=&#8221;https:\/\/www.youtube.com\/channel\/UCAhWfanf79V9y4fl-_5arWA&#8221; global_colors_info=&#8221;{}&#8221;]<\/p>\n<p>P\u00e5 YouTube hittar du serien Diskrimering p\u00e5g\u00e5r. D\u00e4r finns kunskap och tips om vad du kan g\u00f6ra f\u00f6r att bek\u00e4mpa diskriminering.<\/p>\n<p>[\/et_pb_cta][\/et_pb_column][\/et_pb_row][\/et_pb_section]<\/p>\n","protected":false},"excerpt":{"rendered":"<p>EducationL\u00e4r dig mer om diskrimineringHos oss finns stor kunskap och erfarenhet om diskriminering och hur den kan f\u00f6rebyggas med lagens hj\u00e4lp.Vi erbjuder bland annat:H\u00e4r \u00e4r n\u00e5gra exempel p\u00e5 vad vi kan erbjuda. Allt anpassas efter uppdragsgivarens behov.Diskriminering och lagen Beh\u00f6ver din organisation mer kunskap om vad lagen s\u00e4ger om diskriminering? Vi utbildar om vilka r\u00e4ttigheter och skyldigheter den inneb\u00e4r. Viktigt att k\u00e4nna till \u00e4r aktiva \u00e5tg\u00e4rder. De ska f\u00f6rhindra diskriminering i arbetslivet och p\u00e5 alla utbildningar. Granskningar och projekt Vi g\u00f6r granskningar. D\u00e5 utg\u00e5r vi fr\u00e5n m\u00e4nskliga r\u00e4ttigheter och icke-diskriminering. Vi analyserar hur olika sorters normer och makt p\u00e5verkar m\u00e4nniskor och hela samh\u00e4llet. Bland annat har vi gjort analyser av publikationer och webbsidor. Ibland g\u00f6r vi ocks\u00e5 projekt. Vi har till exempel gjort ett som handlar om barns r\u00e4ttigheter.Normernas makt Normer \u00e4r oftast osynliga. F\u00f6rst n\u00e4r n\u00e5gon bryter mot dem blir de tydliga. Att arbeta normkritiskt\u00a0kan vara ett effektivt s\u00e4tt att f\u00f6rebygga diskriminering. Det kan hj\u00e4lpa till att skapa ett \u00f6ppet arbetsklimat. Bes\u00f6k oss Vi tar g\u00e4rna emot studiebes\u00f6k. D\u00e5 ber\u00e4ttar vi om oss och v\u00e5rt arbete mot diskriminering. B\u00e5de skolor och internationella delegationer har bes\u00f6kt oss. Ofta blir det en fin fr\u00e5gestund p\u00e5 bes\u00f6ken.Mejla oss p\u00e5 utbildning@adbvast.seP\u00e5 YouTube hittar [&hellip;]<\/p>\n","protected":false},"author":9,"featured_media":0,"parent":0,"menu_order":0,"comment_status":"closed","ping_status":"closed","template":"","meta":{"_et_pb_use_builder":"on","_et_pb_old_content":"","_et_gb_content_width":"","footnotes":""},"class_list":["post-1148","page","type-page","status-publish","hentry"],"yoast_head":"<!-- This site is optimized with the Yoast SEO plugin v27.5 - https:\/\/yoast.com\/product\/yoast-seo-wordpress\/ -->\n<title>Education - Antidiskrimineringsbyr\u00e5n V\u00e4st<\/title>\n<meta name=\"description\" content=\"Granskningar, f\u00f6rel\u00e4sningar och studiebes\u00f6k.\" \/>\n<meta name=\"robots\" content=\"index, follow, max-snippet:-1, max-image-preview:large, max-video-preview:-1\" \/>\n<link rel=\"canonical\" href=\"https:\/\/adbvast.se\/en\/education\/\" \/>\n<meta property=\"og:locale\" content=\"en_US\" \/>\n<meta property=\"og:type\" content=\"article\" \/>\n<meta property=\"og:title\" content=\"Education - Antidiskrimineringsbyr\u00e5n V\u00e4st\" \/>\n<meta property=\"og:description\" content=\"Granskningar, f\u00f6rel\u00e4sningar och studiebes\u00f6k.\" \/>\n<meta property=\"og:url\" content=\"https:\/\/adbvast.se\/en\/education\/\" \/>\n<meta property=\"og:site_name\" content=\"Antidiskrimineringsbyr\u00e5n V\u00e4st\" \/>\n<meta property=\"article:publisher\" content=\"https:\/\/www.facebook.com\/wewantfairness\" \/>\n<meta property=\"article:modified_time\" content=\"2022-10-07T09:35:36+00:00\" \/>\n<meta property=\"og:image\" content=\"https:\/\/adbvast.se\/wp-content\/uploads\/2021\/10\/site-icon.png\" \/>\n<meta name=\"twitter:card\" content=\"summary_large_image\" \/>\n<meta name=\"twitter:image\" content=\"https:\/\/adbvast.se\/wp-content\/uploads\/2021\/10\/site-icon.png\" \/>\n<meta name=\"twitter:label1\" content=\"Est. reading time\" \/>\n\t<meta name=\"twitter:data1\" content=\"7 minutes\" \/>\n<script type=\"application\/ld+json\" class=\"yoast-schema-graph\">{\"@context\":\"https:\\\/\\\/schema.org\",\"@graph\":[{\"@type\":\"WebPage\",\"@id\":\"https:\\\/\\\/adbvast.se\\\/en\\\/education\\\/\",\"url\":\"https:\\\/\\\/adbvast.se\\\/en\\\/education\\\/\",\"name\":\"Education - Antidiskrimineringsbyr\u00e5n V\u00e4st\",\"isPartOf\":{\"@id\":\"https:\\\/\\\/adbvast.se\\\/en\\\/#website\"},\"datePublished\":\"2021-09-29T08:42:25+00:00\",\"dateModified\":\"2022-10-07T09:35:36+00:00\",\"description\":\"Granskningar, f\u00f6rel\u00e4sningar och studiebes\u00f6k.\",\"breadcrumb\":{\"@id\":\"https:\\\/\\\/adbvast.se\\\/en\\\/education\\\/#breadcrumb\"},\"inLanguage\":\"en-US\",\"potentialAction\":[{\"@type\":\"ReadAction\",\"target\":[\"https:\\\/\\\/adbvast.se\\\/en\\\/education\\\/\"]}]},{\"@type\":\"BreadcrumbList\",\"@id\":\"https:\\\/\\\/adbvast.se\\\/en\\\/education\\\/#breadcrumb\",\"itemListElement\":[{\"@type\":\"ListItem\",\"position\":1,\"name\":\"Home\",\"item\":\"https:\\\/\\\/adbvast.se\\\/en\\\/\"},{\"@type\":\"ListItem\",\"position\":2,\"name\":\"Education\"}]},{\"@type\":\"WebSite\",\"@id\":\"https:\\\/\\\/adbvast.se\\\/en\\\/#website\",\"url\":\"https:\\\/\\\/adbvast.se\\\/en\\\/\",\"name\":\"Antidiskrimineringsbyr\u00e5n V\u00e4st\",\"description\":\"Vi tar fajten mot diskriminering\",\"publisher\":{\"@id\":\"https:\\\/\\\/adbvast.se\\\/en\\\/#organization\"},\"potentialAction\":[{\"@type\":\"SearchAction\",\"target\":{\"@type\":\"EntryPoint\",\"urlTemplate\":\"https:\\\/\\\/adbvast.se\\\/en\\\/?s={search_term_string}\"},\"query-input\":{\"@type\":\"PropertyValueSpecification\",\"valueRequired\":true,\"valueName\":\"search_term_string\"}}],\"inLanguage\":\"en-US\"},{\"@type\":\"Organization\",\"@id\":\"https:\\\/\\\/adbvast.se\\\/en\\\/#organization\",\"name\":\"Antidiskrimineringsbyr\u00e5n V\u00e4st\",\"url\":\"https:\\\/\\\/adbvast.se\\\/en\\\/\",\"logo\":{\"@type\":\"ImageObject\",\"inLanguage\":\"en-US\",\"@id\":\"https:\\\/\\\/adbvast.se\\\/en\\\/#\\\/schema\\\/logo\\\/image\\\/\",\"url\":\"https:\\\/\\\/adbvast.se\\\/wp-content\\\/uploads\\\/2021\\\/10\\\/adb-vast-logotyp.svg\",\"contentUrl\":\"https:\\\/\\\/adbvast.se\\\/wp-content\\\/uploads\\\/2021\\\/10\\\/adb-vast-logotyp.svg\",\"width\":489,\"height\":109,\"caption\":\"Antidiskrimineringsbyr\u00e5n V\u00e4st\"},\"image\":{\"@id\":\"https:\\\/\\\/adbvast.se\\\/en\\\/#\\\/schema\\\/logo\\\/image\\\/\"},\"sameAs\":[\"https:\\\/\\\/www.facebook.com\\\/wewantfairness\"]}]}<\/script>\n<!-- \/ Yoast SEO plugin. -->","yoast_head_json":{"title":"Education - Antidiskrimineringsbyr\u00e5n V\u00e4st","description":"Granskningar, f\u00f6rel\u00e4sningar och studiebes\u00f6k.","robots":{"index":"index","follow":"follow","max-snippet":"max-snippet:-1","max-image-preview":"max-image-preview:large","max-video-preview":"max-video-preview:-1"},"canonical":"https:\/\/adbvast.se\/en\/education\/","og_locale":"en_US","og_type":"article","og_title":"Education - Antidiskrimineringsbyr\u00e5n V\u00e4st","og_description":"Granskningar, f\u00f6rel\u00e4sningar och studiebes\u00f6k.","og_url":"https:\/\/adbvast.se\/en\/education\/","og_site_name":"Antidiskrimineringsbyr\u00e5n V\u00e4st","article_publisher":"https:\/\/www.facebook.com\/wewantfairness","article_modified_time":"2022-10-07T09:35:36+00:00","og_image":[{"url":"https:\/\/adbvast.se\/wp-content\/uploads\/2021\/10\/site-icon.png","type":"","width":"","height":""}],"twitter_card":"summary_large_image","twitter_image":"https:\/\/adbvast.se\/wp-content\/uploads\/2021\/10\/site-icon.png","twitter_misc":{"Est. reading time":"7 minutes"},"schema":{"@context":"https:\/\/schema.org","@graph":[{"@type":"WebPage","@id":"https:\/\/adbvast.se\/en\/education\/","url":"https:\/\/adbvast.se\/en\/education\/","name":"Education - Antidiskrimineringsbyr\u00e5n V\u00e4st","isPartOf":{"@id":"https:\/\/adbvast.se\/en\/#website"},"datePublished":"2021-09-29T08:42:25+00:00","dateModified":"2022-10-07T09:35:36+00:00","description":"Granskningar, f\u00f6rel\u00e4sningar och studiebes\u00f6k.","breadcrumb":{"@id":"https:\/\/adbvast.se\/en\/education\/#breadcrumb"},"inLanguage":"en-US","potentialAction":[{"@type":"ReadAction","target":["https:\/\/adbvast.se\/en\/education\/"]}]},{"@type":"BreadcrumbList","@id":"https:\/\/adbvast.se\/en\/education\/#breadcrumb","itemListElement":[{"@type":"ListItem","position":1,"name":"Home","item":"https:\/\/adbvast.se\/en\/"},{"@type":"ListItem","position":2,"name":"Education"}]},{"@type":"WebSite","@id":"https:\/\/adbvast.se\/en\/#website","url":"https:\/\/adbvast.se\/en\/","name":"Antidiskrimineringsbyr\u00e5n V\u00e4st","description":"Vi tar fajten mot diskriminering","publisher":{"@id":"https:\/\/adbvast.se\/en\/#organization"},"potentialAction":[{"@type":"SearchAction","target":{"@type":"EntryPoint","urlTemplate":"https:\/\/adbvast.se\/en\/?s={search_term_string}"},"query-input":{"@type":"PropertyValueSpecification","valueRequired":true,"valueName":"search_term_string"}}],"inLanguage":"en-US"},{"@type":"Organization","@id":"https:\/\/adbvast.se\/en\/#organization","name":"Antidiskrimineringsbyr\u00e5n V\u00e4st","url":"https:\/\/adbvast.se\/en\/","logo":{"@type":"ImageObject","inLanguage":"en-US","@id":"https:\/\/adbvast.se\/en\/#\/schema\/logo\/image\/","url":"https:\/\/adbvast.se\/wp-content\/uploads\/2021\/10\/adb-vast-logotyp.svg","contentUrl":"https:\/\/adbvast.se\/wp-content\/uploads\/2021\/10\/adb-vast-logotyp.svg","width":489,"height":109,"caption":"Antidiskrimineringsbyr\u00e5n V\u00e4st"},"image":{"@id":"https:\/\/adbvast.se\/en\/#\/schema\/logo\/image\/"},"sameAs":["https:\/\/www.facebook.com\/wewantfairness"]}]}},"_links":{"self":[{"href":"https:\/\/adbvast.se\/en\/wp-json\/wp\/v2\/pages\/1148","targetHints":{"allow":["GET"]}}],"collection":[{"href":"https:\/\/adbvast.se\/en\/wp-json\/wp\/v2\/pages"}],"about":[{"href":"https:\/\/adbvast.se\/en\/wp-json\/wp\/v2\/types\/page"}],"author":[{"embeddable":true,"href":"https:\/\/adbvast.se\/en\/wp-json\/wp\/v2\/users\/9"}],"replies":[{"embeddable":true,"href":"https:\/\/adbvast.se\/en\/wp-json\/wp\/v2\/comments?post=1148"}],"version-history":[{"count":0,"href":"https:\/\/adbvast.se\/en\/wp-json\/wp\/v2\/pages\/1148\/revisions"}],"wp:attachment":[{"href":"https:\/\/adbvast.se\/en\/wp-json\/wp\/v2\/media?parent=1148"}],"curies":[{"name":"wp","href":"https:\/\/api.w.org\/{rel}","templated":true}]}}