{"id":1145,"date":"2021-09-29T08:42:35","date_gmt":"2021-09-29T08:42:35","guid":{"rendered":"https:\/\/staging-1664454984.adbvast.se\/our-assignments\/"},"modified":"2022-10-07T09:33:59","modified_gmt":"2022-10-07T09:33:59","slug":"our-assignments","status":"publish","type":"page","link":"https:\/\/adbvast.se\/en\/our-assignments\/","title":{"rendered":"Our assignments"},"content":{"rendered":"<p>[et_pb_section fb_built=&#8221;1&#8243; _builder_version=&#8221;4.16&#8243; _module_preset=&#8221;default&#8221; background_color=&#8221;#F4F0F7&#8243; global_colors_info=&#8221;{}&#8221;][et_pb_row _builder_version=&#8221;4.16&#8243; _module_preset=&#8221;default&#8221; locked=&#8221;off&#8221; global_colors_info=&#8221;{}&#8221;][et_pb_column type=&#8221;4_4&#8243; _builder_version=&#8221;4.16&#8243; _module_preset=&#8221;default&#8221; global_colors_info=&#8221;{}&#8221;][et_pb_text _builder_version=&#8221;4.16&#8243; _module_preset=&#8221;default&#8221; text_font=&#8221;|700|||||||&#8221; text_text_color=&#8221;#6B0080&#8243; custom_margin=&#8221;||10px||false|false&#8221; custom_margin_tablet=&#8221;||7px||false|false&#8221; custom_margin_phone=&#8221;||5px||false|false&#8221; custom_margin_last_edited=&#8221;on|phone&#8221; custom_padding=&#8221;||||false|false&#8221; text_font_size_tablet=&#8221;&#8221; text_font_size_phone=&#8221;&#8221; text_font_size_last_edited=&#8221;on|phone&#8221; global_colors_info=&#8221;{}&#8221;]<\/p>\n<p>About us<\/p>\n<p>[\/et_pb_text][et_pb_text _builder_version=&#8221;4.16&#8243; _module_preset=&#8221;default&#8221; global_colors_info=&#8221;{}&#8221;]<\/p>\n<h1>Our assignments<\/h1>\n<p>[\/et_pb_text][\/et_pb_column][\/et_pb_row][et_pb_row _builder_version=&#8221;4.16&#8243; _module_preset=&#8221;default&#8221; global_colors_info=&#8221;{}&#8221;][et_pb_column type=&#8221;4_4&#8243; _builder_version=&#8221;4.16&#8243; _module_preset=&#8221;default&#8221; global_colors_info=&#8221;{}&#8221;][et_pb_text _builder_version=&#8221;4.16&#8243; _module_preset=&#8221;default&#8221; global_colors_info=&#8221;{}&#8221;]<\/p>\n<p>Antidiskrimineringsbyr\u00e5n V\u00e4st har funnits sedan 2012. Vi \u00e4r en ideell, frist\u00e5ende f\u00f6rening. V\u00e5rt upptagningsomr\u00e5de \u00e4r V\u00e4stra G\u00f6talandsregionen, f\u00f6rutom 15 kommuner i Fyrbodal.<\/p>\n<p>Vi har 21 medlemsorganisationer.<\/p>\n<p>F\u00f6rut var namnet G\u00f6teborgs r\u00e4ttighetscenter \u2013 mot diskriminering. Det byttes \u00e5r 2020.\u00a0<\/p>\n<p>V\u00e5r utg\u00e5ngspunkt \u00e4r diskrimineringslagen. Den \u00e4r en del av arbetet f\u00f6r m\u00e4nskliga r\u00e4ttigheter.<\/p>\n<p>[\/et_pb_text][\/et_pb_column][\/et_pb_row][et_pb_row make_equal=&#8221;on&#8221; custom_padding_last_edited=&#8221;on|phone&#8221; _builder_version=&#8221;4.16&#8243; _module_preset=&#8221;default&#8221; background_color=&#8221;#E4E7F0&#8243; width=&#8221;800px&#8221; width_tablet=&#8221;95%&#8221; width_phone=&#8221;&#8221; width_last_edited=&#8221;on|desktop&#8221; custom_margin=&#8221;||||false|false&#8221; custom_padding=&#8221;|50px||50px|false|false&#8221; custom_padding_tablet=&#8221;|10px||10px|false|true&#8221; custom_padding_phone=&#8221;&#8221; global_colors_info=&#8221;{}&#8221;][et_pb_column type=&#8221;4_4&#8243; _builder_version=&#8221;4.16&#8243; _module_preset=&#8221;default&#8221; custom_css_main_element=&#8221;width: 90%;&#8221; global_colors_info=&#8221;{}&#8221;][et_pb_text _builder_version=&#8221;4.16&#8243; _module_preset=&#8221;default&#8221; text_font=&#8221;|700|||||||&#8221; text_text_color=&#8221;#110066&#8243; custom_margin=&#8221;||10px||false|false&#8221; custom_margin_tablet=&#8221;||7px||false|false&#8221; custom_margin_phone=&#8221;||5px||false|false&#8221; custom_margin_last_edited=&#8221;on|phone&#8221; custom_padding=&#8221;||||false|false&#8221; text_font_size_tablet=&#8221;&#8221; text_font_size_phone=&#8221;&#8221; text_font_size_last_edited=&#8221;on|phone&#8221; locked=&#8221;off&#8221; global_colors_info=&#8221;{}&#8221;]<\/p>\n<p>V\u00e5ra huvuduppdrag \u00e4r att:<\/p>\n<p>[\/et_pb_text][et_pb_blurb title=&#8221;Ge juridisk r\u00e5dgivning utan kostnad&#8221; image=&#8221;https:\/\/adbvast.se\/wp-content\/uploads\/2021\/10\/done_pink_24dp.svg&#8221; _builder_version=&#8221;4.17.4&#8243; _module_preset=&#8221;effb64c1-de60-4486-9049-6c3341ee8410&#8243; hover_enabled=&#8221;0&#8243; global_colors_info=&#8221;{}&#8221; alt=&#8221;checkmark&#8221; title_text=&#8221;done_pink_24dp&#8221; sticky_enabled=&#8221;0&#8243;][\/et_pb_blurb][et_pb_blurb title=&#8221;Utbilda om lagen och om hur diskriminering kan f\u00f6rebyggas&#8221; image=&#8221;https:\/\/adbvast.se\/wp-content\/uploads\/2021\/10\/done_pink_24dp.svg&#8221; _builder_version=&#8221;4.17.4&#8243; _module_preset=&#8221;effb64c1-de60-4486-9049-6c3341ee8410&#8243; hover_enabled=&#8221;0&#8243; global_colors_info=&#8221;{}&#8221; alt=&#8221;checkmark&#8221; title_text=&#8221;done_pink_24dp&#8221; sticky_enabled=&#8221;0&#8243;][\/et_pb_blurb][et_pb_blurb title=&#8221;P\u00e5verka f\u00f6r att hindra f\u00f6rtryck och diskriminering&#8221; image=&#8221;https:\/\/adbvast.se\/wp-content\/uploads\/2021\/10\/done_pink_24dp.svg&#8221; _builder_version=&#8221;4.17.4&#8243; _module_preset=&#8221;effb64c1-de60-4486-9049-6c3341ee8410&#8243; hover_enabled=&#8221;0&#8243; global_colors_info=&#8221;{}&#8221; alt=&#8221;checkmark&#8221; title_text=&#8221;done_pink_24dp&#8221; sticky_enabled=&#8221;0&#8243;][\/et_pb_blurb][\/et_pb_column][\/et_pb_row][\/et_pb_section][et_pb_section fb_built=&#8221;1&#8243; _builder_version=&#8221;4.16&#8243; _module_preset=&#8221;default&#8221; background_color=&#8221;#F4F0F7&#8243; global_colors_info=&#8221;{}&#8221;][et_pb_row _builder_version=&#8221;4.16&#8243; _module_preset=&#8221;default&#8221; global_colors_info=&#8221;{}&#8221;][et_pb_column type=&#8221;4_4&#8243; _builder_version=&#8221;4.16&#8243; _module_preset=&#8221;default&#8221; global_colors_info=&#8221;{}&#8221;][et_pb_text _builder_version=&#8221;4.16&#8243; _module_preset=&#8221;default&#8221; global_colors_info=&#8221;{}&#8221;]<\/p>\n<h2>P\u00e5verkan<\/h2>\n<p>Arbetet f\u00f6r att p\u00e5verka kan till exempel handla om att ha kontakt med politiker, tj\u00e4nstepersoner och andra makthavare.<\/p>\n<p>Syftet \u00e4r att f\u00e5 dem att inse att deras jobb \u00e4r att motverka diskriminering, av enskilda personer och hela befolkningsgrupper.<\/p>\n<p>P\u00e5verkan kan ocks\u00e5 vara allt i fr\u00e5n debattartiklar i stora tidningar till statusuppdateringar p\u00e5 v\u00e5ra sociala medier. Ut\u00f6ver att p\u00e5verka makthavare vill vi ocks\u00e5 g\u00f6ra allm\u00e4nheten uppm\u00e4rksam p\u00e5 att diskriminering p\u00e5g\u00e5r.<\/p>\n<p>F\u00f6r att kunna g\u00f6ra arbetet f\u00e5r alla antidiskrimineringsbyr\u00e5er finansiering av staten. Men vi \u00e4r inte en myndighet eller en kommunal verksamhet.<\/p>\n<p>F\u00f6rutom oss finns det 17 antidiskrimineringsbyr\u00e5er i landet, fr\u00e5n norr till s\u00f6der.<\/p>\n<p>[\/et_pb_text][\/et_pb_column][\/et_pb_row][\/et_pb_section][et_pb_section fb_built=&#8221;1&#8243; _builder_version=&#8221;4.16&#8243; _module_preset=&#8221;default&#8221; background_color=&#8221;#E4E7F0&#8243; bottom_divider_style=&#8221;slant&#8221; bottom_divider_color=&#8221;#6B0080&#8243; bottom_divider_height=&#8221;50px&#8221; bottom_divider_flip=&#8221;horizontal&#8221; bottom_divider_height_tablet=&#8221;&#8221; bottom_divider_height_phone=&#8221;20px&#8221; bottom_divider_height_last_edited=&#8221;on|phone&#8221; global_colors_info=&#8221;{}&#8221;][et_pb_row column_structure=&#8221;1_2,1_2&#8243; _builder_version=&#8221;4.16&#8243; _module_preset=&#8221;default&#8221; global_colors_info=&#8221;{}&#8221;][et_pb_column type=&#8221;1_2&#8243; _builder_version=&#8221;4.16&#8243; _module_preset=&#8221;default&#8221; global_colors_info=&#8221;{}&#8221;][et_pb_cta title=&#8221;Hitta en antidiskrimineringsbyr\u00e5 i ditt omr\u00e5de&#8221; button_text=&#8221;Click Here&#8221; _builder_version=&#8221;4.16&#8243; _module_preset=&#8221;default&#8221; background_color_gradient_stops=&#8221;#110066 0%|#124aff 100%&#8221; background_color_gradient_start=&#8221;#110066&#8243; background_color_gradient_end=&#8221;#124aff&#8221; link_option_url=&#8221;https:\/\/staging-1664454984.adbvast.se\/en\/contact\/&#8221; global_colors_info=&#8221;{}&#8221;][\/et_pb_cta][\/et_pb_column][et_pb_column type=&#8221;1_2&#8243; _builder_version=&#8221;4.16&#8243; _module_preset=&#8221;default&#8221; global_colors_info=&#8221;{}&#8221;][et_pb_cta title=&#8221;Goda r\u00e5d \u00e4r inte alltid dyra &#8221; button_text=&#8221;Click Here&#8221; _builder_version=&#8221;4.16&#8243; _module_preset=&#8221;default&#8221; link_option_url=&#8221;https:\/\/staging-1664454984.adbvast.se\/en\/legal-advice\/&#8221; global_colors_info=&#8221;{}&#8221;]<\/p>\n<p>Antidiskrimineringsbyr\u00e5n V\u00e4sts jurister svarar p\u00e5 vanliga fr\u00e5gor som st\u00e4lls till oss. L\u00e4s mer.<\/p>\n<p>[\/et_pb_cta][\/et_pb_column][\/et_pb_row][\/et_pb_section]<\/p>\n","protected":false},"excerpt":{"rendered":"<p>About usOur assignmentsAntidiskrimineringsbyr\u00e5n V\u00e4st har funnits sedan 2012. Vi \u00e4r en ideell, frist\u00e5ende f\u00f6rening. V\u00e5rt upptagningsomr\u00e5de \u00e4r V\u00e4stra G\u00f6talandsregionen, f\u00f6rutom 15 kommuner i Fyrbodal. Vi har 21 medlemsorganisationer. F\u00f6rut var namnet G\u00f6teborgs r\u00e4ttighetscenter \u2013 mot diskriminering. Det byttes \u00e5r 2020.\u00a0 V\u00e5r utg\u00e5ngspunkt \u00e4r diskrimineringslagen. Den \u00e4r en del av arbetet f\u00f6r m\u00e4nskliga r\u00e4ttigheter.V\u00e5ra huvuduppdrag \u00e4r att:P\u00e5verkan Arbetet f\u00f6r att p\u00e5verka kan till exempel handla om att ha kontakt med politiker, tj\u00e4nstepersoner och andra makthavare. Syftet \u00e4r att f\u00e5 dem att inse att deras jobb \u00e4r att motverka diskriminering, av enskilda personer och hela befolkningsgrupper. P\u00e5verkan kan ocks\u00e5 vara allt i fr\u00e5n debattartiklar i stora tidningar till statusuppdateringar p\u00e5 v\u00e5ra sociala medier. Ut\u00f6ver att p\u00e5verka makthavare vill vi ocks\u00e5 g\u00f6ra allm\u00e4nheten uppm\u00e4rksam p\u00e5 att diskriminering p\u00e5g\u00e5r. F\u00f6r att kunna g\u00f6ra arbetet f\u00e5r alla antidiskrimineringsbyr\u00e5er finansiering av staten. Men vi \u00e4r inte en myndighet eller en kommunal verksamhet. F\u00f6rutom oss finns det 17 antidiskrimineringsbyr\u00e5er i landet, fr\u00e5n norr till s\u00f6der.Antidiskrimineringsbyr\u00e5n V\u00e4sts jurister svarar p\u00e5 vanliga fr\u00e5gor som st\u00e4lls till oss. L\u00e4s mer.<\/p>\n","protected":false},"author":9,"featured_media":0,"parent":0,"menu_order":0,"comment_status":"closed","ping_status":"closed","template":"","meta":{"_et_pb_use_builder":"on","_et_pb_old_content":"","_et_gb_content_width":"","footnotes":""},"class_list":["post-1145","page","type-page","status-publish","hentry"],"yoast_head":"<!-- This site is optimized with the Yoast SEO plugin v27.5 - https:\/\/yoast.com\/product\/yoast-seo-wordpress\/ -->\n<title>Our assignments - Antidiskrimineringsbyr\u00e5n V\u00e4st<\/title>\n<meta name=\"description\" content=\"Juridisk r\u00e5dgivning utan kostnad. P\u00e5verka och utbilda f\u00f6r att hindra f\u00f6rtryck och diskriminering\" \/>\n<meta name=\"robots\" content=\"index, follow, max-snippet:-1, max-image-preview:large, max-video-preview:-1\" \/>\n<link rel=\"canonical\" href=\"https:\/\/adbvast.se\/en\/our-assignments\/\" \/>\n<meta property=\"og:locale\" content=\"en_US\" \/>\n<meta property=\"og:type\" content=\"article\" \/>\n<meta property=\"og:title\" content=\"Our assignments - Antidiskrimineringsbyr\u00e5n V\u00e4st\" \/>\n<meta property=\"og:description\" content=\"Juridisk r\u00e5dgivning utan kostnad. P\u00e5verka och utbilda f\u00f6r att hindra f\u00f6rtryck och diskriminering\" \/>\n<meta property=\"og:url\" content=\"https:\/\/adbvast.se\/en\/our-assignments\/\" \/>\n<meta property=\"og:site_name\" content=\"Antidiskrimineringsbyr\u00e5n V\u00e4st\" \/>\n<meta property=\"article:publisher\" content=\"https:\/\/www.facebook.com\/wewantfairness\" \/>\n<meta property=\"article:modified_time\" content=\"2022-10-07T09:33:59+00:00\" \/>\n<meta property=\"og:image\" content=\"https:\/\/adbvast.se\/wp-content\/uploads\/2021\/10\/site-icon.png\" \/>\n<meta name=\"twitter:card\" content=\"summary_large_image\" \/>\n<meta name=\"twitter:image\" content=\"https:\/\/adbvast.se\/wp-content\/uploads\/2021\/10\/site-icon.png\" \/>\n<meta name=\"twitter:label1\" content=\"Est. reading time\" \/>\n\t<meta name=\"twitter:data1\" content=\"5 minutes\" \/>\n<script type=\"application\/ld+json\" class=\"yoast-schema-graph\">{\"@context\":\"https:\\\/\\\/schema.org\",\"@graph\":[{\"@type\":\"WebPage\",\"@id\":\"https:\\\/\\\/adbvast.se\\\/en\\\/our-assignments\\\/\",\"url\":\"https:\\\/\\\/adbvast.se\\\/en\\\/our-assignments\\\/\",\"name\":\"Our assignments - Antidiskrimineringsbyr\u00e5n V\u00e4st\",\"isPartOf\":{\"@id\":\"https:\\\/\\\/adbvast.se\\\/en\\\/#website\"},\"datePublished\":\"2021-09-29T08:42:35+00:00\",\"dateModified\":\"2022-10-07T09:33:59+00:00\",\"description\":\"Juridisk r\u00e5dgivning utan kostnad. P\u00e5verka och utbilda f\u00f6r att hindra f\u00f6rtryck och diskriminering\",\"breadcrumb\":{\"@id\":\"https:\\\/\\\/adbvast.se\\\/en\\\/our-assignments\\\/#breadcrumb\"},\"inLanguage\":\"en-US\",\"potentialAction\":[{\"@type\":\"ReadAction\",\"target\":[\"https:\\\/\\\/adbvast.se\\\/en\\\/our-assignments\\\/\"]}]},{\"@type\":\"BreadcrumbList\",\"@id\":\"https:\\\/\\\/adbvast.se\\\/en\\\/our-assignments\\\/#breadcrumb\",\"itemListElement\":[{\"@type\":\"ListItem\",\"position\":1,\"name\":\"Home\",\"item\":\"https:\\\/\\\/adbvast.se\\\/en\\\/\"},{\"@type\":\"ListItem\",\"position\":2,\"name\":\"Our assignments\"}]},{\"@type\":\"WebSite\",\"@id\":\"https:\\\/\\\/adbvast.se\\\/en\\\/#website\",\"url\":\"https:\\\/\\\/adbvast.se\\\/en\\\/\",\"name\":\"Antidiskrimineringsbyr\u00e5n V\u00e4st\",\"description\":\"Vi tar fajten mot diskriminering\",\"publisher\":{\"@id\":\"https:\\\/\\\/adbvast.se\\\/en\\\/#organization\"},\"potentialAction\":[{\"@type\":\"SearchAction\",\"target\":{\"@type\":\"EntryPoint\",\"urlTemplate\":\"https:\\\/\\\/adbvast.se\\\/en\\\/?s={search_term_string}\"},\"query-input\":{\"@type\":\"PropertyValueSpecification\",\"valueRequired\":true,\"valueName\":\"search_term_string\"}}],\"inLanguage\":\"en-US\"},{\"@type\":\"Organization\",\"@id\":\"https:\\\/\\\/adbvast.se\\\/en\\\/#organization\",\"name\":\"Antidiskrimineringsbyr\u00e5n V\u00e4st\",\"url\":\"https:\\\/\\\/adbvast.se\\\/en\\\/\",\"logo\":{\"@type\":\"ImageObject\",\"inLanguage\":\"en-US\",\"@id\":\"https:\\\/\\\/adbvast.se\\\/en\\\/#\\\/schema\\\/logo\\\/image\\\/\",\"url\":\"https:\\\/\\\/adbvast.se\\\/wp-content\\\/uploads\\\/2021\\\/10\\\/adb-vast-logotyp.svg\",\"contentUrl\":\"https:\\\/\\\/adbvast.se\\\/wp-content\\\/uploads\\\/2021\\\/10\\\/adb-vast-logotyp.svg\",\"width\":489,\"height\":109,\"caption\":\"Antidiskrimineringsbyr\u00e5n V\u00e4st\"},\"image\":{\"@id\":\"https:\\\/\\\/adbvast.se\\\/en\\\/#\\\/schema\\\/logo\\\/image\\\/\"},\"sameAs\":[\"https:\\\/\\\/www.facebook.com\\\/wewantfairness\"]}]}<\/script>\n<!-- \/ Yoast SEO plugin. -->","yoast_head_json":{"title":"Our assignments - Antidiskrimineringsbyr\u00e5n V\u00e4st","description":"Juridisk r\u00e5dgivning utan kostnad. P\u00e5verka och utbilda f\u00f6r att hindra f\u00f6rtryck och diskriminering","robots":{"index":"index","follow":"follow","max-snippet":"max-snippet:-1","max-image-preview":"max-image-preview:large","max-video-preview":"max-video-preview:-1"},"canonical":"https:\/\/adbvast.se\/en\/our-assignments\/","og_locale":"en_US","og_type":"article","og_title":"Our assignments - Antidiskrimineringsbyr\u00e5n V\u00e4st","og_description":"Juridisk r\u00e5dgivning utan kostnad. P\u00e5verka och utbilda f\u00f6r att hindra f\u00f6rtryck och diskriminering","og_url":"https:\/\/adbvast.se\/en\/our-assignments\/","og_site_name":"Antidiskrimineringsbyr\u00e5n V\u00e4st","article_publisher":"https:\/\/www.facebook.com\/wewantfairness","article_modified_time":"2022-10-07T09:33:59+00:00","og_image":[{"url":"https:\/\/adbvast.se\/wp-content\/uploads\/2021\/10\/site-icon.png","type":"","width":"","height":""}],"twitter_card":"summary_large_image","twitter_image":"https:\/\/adbvast.se\/wp-content\/uploads\/2021\/10\/site-icon.png","twitter_misc":{"Est. reading time":"5 minutes"},"schema":{"@context":"https:\/\/schema.org","@graph":[{"@type":"WebPage","@id":"https:\/\/adbvast.se\/en\/our-assignments\/","url":"https:\/\/adbvast.se\/en\/our-assignments\/","name":"Our assignments - Antidiskrimineringsbyr\u00e5n V\u00e4st","isPartOf":{"@id":"https:\/\/adbvast.se\/en\/#website"},"datePublished":"2021-09-29T08:42:35+00:00","dateModified":"2022-10-07T09:33:59+00:00","description":"Juridisk r\u00e5dgivning utan kostnad. P\u00e5verka och utbilda f\u00f6r att hindra f\u00f6rtryck och diskriminering","breadcrumb":{"@id":"https:\/\/adbvast.se\/en\/our-assignments\/#breadcrumb"},"inLanguage":"en-US","potentialAction":[{"@type":"ReadAction","target":["https:\/\/adbvast.se\/en\/our-assignments\/"]}]},{"@type":"BreadcrumbList","@id":"https:\/\/adbvast.se\/en\/our-assignments\/#breadcrumb","itemListElement":[{"@type":"ListItem","position":1,"name":"Home","item":"https:\/\/adbvast.se\/en\/"},{"@type":"ListItem","position":2,"name":"Our assignments"}]},{"@type":"WebSite","@id":"https:\/\/adbvast.se\/en\/#website","url":"https:\/\/adbvast.se\/en\/","name":"Antidiskrimineringsbyr\u00e5n V\u00e4st","description":"Vi tar fajten mot diskriminering","publisher":{"@id":"https:\/\/adbvast.se\/en\/#organization"},"potentialAction":[{"@type":"SearchAction","target":{"@type":"EntryPoint","urlTemplate":"https:\/\/adbvast.se\/en\/?s={search_term_string}"},"query-input":{"@type":"PropertyValueSpecification","valueRequired":true,"valueName":"search_term_string"}}],"inLanguage":"en-US"},{"@type":"Organization","@id":"https:\/\/adbvast.se\/en\/#organization","name":"Antidiskrimineringsbyr\u00e5n V\u00e4st","url":"https:\/\/adbvast.se\/en\/","logo":{"@type":"ImageObject","inLanguage":"en-US","@id":"https:\/\/adbvast.se\/en\/#\/schema\/logo\/image\/","url":"https:\/\/adbvast.se\/wp-content\/uploads\/2021\/10\/adb-vast-logotyp.svg","contentUrl":"https:\/\/adbvast.se\/wp-content\/uploads\/2021\/10\/adb-vast-logotyp.svg","width":489,"height":109,"caption":"Antidiskrimineringsbyr\u00e5n V\u00e4st"},"image":{"@id":"https:\/\/adbvast.se\/en\/#\/schema\/logo\/image\/"},"sameAs":["https:\/\/www.facebook.com\/wewantfairness"]}]}},"_links":{"self":[{"href":"https:\/\/adbvast.se\/en\/wp-json\/wp\/v2\/pages\/1145","targetHints":{"allow":["GET"]}}],"collection":[{"href":"https:\/\/adbvast.se\/en\/wp-json\/wp\/v2\/pages"}],"about":[{"href":"https:\/\/adbvast.se\/en\/wp-json\/wp\/v2\/types\/page"}],"author":[{"embeddable":true,"href":"https:\/\/adbvast.se\/en\/wp-json\/wp\/v2\/users\/9"}],"replies":[{"embeddable":true,"href":"https:\/\/adbvast.se\/en\/wp-json\/wp\/v2\/comments?post=1145"}],"version-history":[{"count":0,"href":"https:\/\/adbvast.se\/en\/wp-json\/wp\/v2\/pages\/1145\/revisions"}],"wp:attachment":[{"href":"https:\/\/adbvast.se\/en\/wp-json\/wp\/v2\/media?parent=1145"}],"curies":[{"name":"wp","href":"https:\/\/api.w.org\/{rel}","templated":true}]}}